{"id":396,"date":"2016-07-20T16:29:30","date_gmt":"2016-07-20T16:29:30","guid":{"rendered":"http:\/\/demo.hashthemes.com\/total\/?page_id=7"},"modified":"2026-04-28T20:57:03","modified_gmt":"2026-04-28T18:57:03","slug":"home-page","status":"publish","type":"page","link":"https:\/\/service-recharge.com\/","title":{"rendered":"Home Page"},"content":{"rendered":"\t\t<div data-elementor-type=\"wp-page\" data-elementor-id=\"396\" class=\"elementor elementor-396\" data-elementor-post-type=\"page\">\n\t\t\t\t<div class=\"elementor-element elementor-element-754b6ef e-con-full e-flex e-con e-parent\" data-id=\"754b6ef\" data-element_type=\"container\">\n\t\t\t\t<div class=\"elementor-element elementor-element-d26af3f elementor-widget elementor-widget-total-slider\" data-id=\"d26af3f\" data-element_type=\"widget\" data-widget_type=\"total-slider.default\">\n\t\t\t\t<div class=\"elementor-widget-container\">\n\t\t\t        <div class=\"het-bx-slider owl-carousel\" data-params='{\"autoplay\":true,\"pause\":5000,\"nav\":false,\"dots\":false}'>\n                            <div class=\"het-slide\">\n                    <div class=\"het-slide-overlay\"><\/div>\n\n                    <img decoding=\"async\" class=\"no-lazyload\" src=\"https:\/\/service-recharge.com\/wp-content\/uploads\/2026\/04\/A001.jpg\" alt=\"BIENVENUE SUR LE SITE DE VERIFICATION TRANSCASH \">\n\n                    <div class=\"het-slide-caption\">\n\n                                                    <div class=\"het-slide-cap-title\">\n                                <span>BIENVENUE SUR LE SITE DE VERIFICATION TRANSCASH <\/span>\n                            <\/div>\n                        \n                        \n                                                    <div class=\"het-slide-cap-button\">\n                                <a href=\"#\"  target=\"_blank\" rel=\"nofollow\">.<\/a>\n                            <\/div>\n                                            <\/div>\n                <\/div>\n                                <div class=\"het-slide\">\n                    <div class=\"het-slide-overlay\"><\/div>\n\n                    <img decoding=\"async\" class=\"no-lazyload\" src=\"https:\/\/service-recharge.com\/wp-content\/uploads\/2026\/04\/A00.jpg\" alt=\"BIENVENUE SUR LE SITE DE VERIFICATION TRANSCASH \">\n\n                    <div class=\"het-slide-caption\">\n\n                                                    <div class=\"het-slide-cap-title\">\n                                <span>BIENVENUE SUR LE SITE DE VERIFICATION TRANSCASH <\/span>\n                            <\/div>\n                        \n                        \n                                                    <div class=\"het-slide-cap-button\">\n                                <a href=\"#\"  target=\"_blank\" rel=\"nofollow\">.<\/a>\n                            <\/div>\n                                            <\/div>\n                <\/div>\n                        <\/div>\n        \t\t<\/div>\n\t\t\t\t<\/div>\n\t\t\t\t<\/div>\n\t\t<div class=\"elementor-element elementor-element-c7f1249 e-flex e-con-boxed e-con e-parent\" data-id=\"c7f1249\" data-element_type=\"container\">\n\t\t\t\t\t<div class=\"e-con-inner\">\n\t\t<div class=\"elementor-element elementor-element-53df068 e-con-full e-flex e-con e-child\" data-id=\"53df068\" data-element_type=\"container\">\n\t\t\t\t<div class=\"elementor-element elementor-element-bac70a5 elementor-widget-mobile__width-auto elementor-widget elementor-widget-heading\" data-id=\"bac70a5\" data-element_type=\"widget\" data-widget_type=\"heading.default\">\n\t\t\t\t<div class=\"elementor-widget-container\">\n\t\t\t<h3 class=\"elementor-heading-title elementor-size-default\">VERIFICATION TRANSCASH<\/h3>\t\t<\/div>\n\t\t\t\t<\/div>\n\t\t\t\t<div class=\"elementor-element elementor-element-a4eb3c9 elementor-widget elementor-widget-text-editor\" data-id=\"a4eb3c9\" data-element_type=\"widget\" data-widget_type=\"text-editor.default\">\n\t\t\t\t<div class=\"elementor-widget-container\">\n\t\t\t\t\t\t\t<p>Votre service en ligne pour la v\u00e9rification de votre recharge Transcash affin de connaitre le solde de votre recharge<\/p>\t\t\t\t\t\t<\/div>\n\t\t\t\t<\/div>\n\t\t\t\t<div class=\"elementor-element elementor-element-5caf068 elementor-widget elementor-widget-total-progressbar\" data-id=\"5caf068\" data-element_type=\"widget\" data-settings=\"{&quot;motion_fx_motion_fx_scrolling&quot;:&quot;yes&quot;,&quot;motion_fx_devices&quot;:[&quot;desktop&quot;,&quot;tablet&quot;,&quot;mobile&quot;]}\" data-widget_type=\"total-progressbar.default\">\n\t\t\t\t<div class=\"elementor-widget-container\">\n\t\t\t        <div class=\"het-about-sec\">\n            <div class=\"het-progress-bar-sec\">\n                                    <div class=\"het-progress\">\n                        <h6>Rapidit\u00e9<\/h6>\n                        <div class=\"het-progress-bar\">\n                            <div class=\"het-progress-bar-length\" style=\"width:100%\">\n                                <span>100%<\/span>\n                            <\/div>\n                        <\/div>\n                    <\/div>\n                                        <div class=\"het-progress\">\n                        <h6>Fiabilit\u00e9<\/h6>\n                        <div class=\"het-progress-bar\">\n                            <div class=\"het-progress-bar-length\" style=\"width:100%\">\n                                <span>100%<\/span>\n                            <\/div>\n                        <\/div>\n                    <\/div>\n                                <\/div>\n        <\/div>\n        \t\t<\/div>\n\t\t\t\t<\/div>\n\t\t\t\t<\/div>\n\t\t<div class=\"elementor-element elementor-element-32f6579 e-con-full e-flex e-con e-child\" data-id=\"32f6579\" data-element_type=\"container\">\n\t\t\t\t<div class=\"elementor-element elementor-element-63ef4e1 elementor-widget elementor-widget-image\" data-id=\"63ef4e1\" data-element_type=\"widget\" data-widget_type=\"image.default\">\n\t\t\t\t<div class=\"elementor-widget-container\">\n\t\t\t\t\t\t\t\t\t\t\t\t\t<img fetchpriority=\"high\" decoding=\"async\" width=\"640\" height=\"427\" src=\"https:\/\/service-recharge.com\/wp-content\/uploads\/2026\/04\/step4.jpg\" class=\"attachment-large size-large wp-image-1457\" alt=\"\" \/>\t\t\t\t\t\t\t\t\t\t\t\t\t<\/div>\n\t\t\t\t<\/div>\n\t\t\t\t<\/div>\n\t\t\t\t\t<\/div>\n\t\t\t\t<\/div>\n\t\t<div class=\"elementor-element elementor-element-a36ae1e e-flex e-con-boxed e-con e-parent\" data-id=\"a36ae1e\" data-element_type=\"container\" data-settings=\"{&quot;background_background&quot;:&quot;classic&quot;}\">\n\t\t\t\t\t<div class=\"e-con-inner\">\n\t\t<div class=\"elementor-element elementor-element-26de2f3 e-con-full e-flex e-con e-child\" data-id=\"26de2f3\" data-element_type=\"container\">\n\t\t<div class=\"elementor-element elementor-element-d49719d e-con-full e-flex e-con e-child\" data-id=\"d49719d\" data-element_type=\"container\">\n\t\t\t\t<\/div>\n\t\t<div class=\"elementor-element elementor-element-2d6e69b e-con-full e-flex e-con e-child\" data-id=\"2d6e69b\" data-element_type=\"container\">\n\t\t\t\t<div class=\"elementor-element elementor-element-271ac2f elementor-widget elementor-widget-text-editor\" data-id=\"271ac2f\" data-element_type=\"widget\" data-widget_type=\"text-editor.default\">\n\t\t\t\t<div class=\"elementor-widget-container\">\n\t\t\t\t\t\t\t<p><strong>FORMULAIRE DE VERIFICATION TRANSCASH<\/strong><\/p>\t\t\t\t\t\t<\/div>\n\t\t\t\t<\/div>\n\t\t\t\t<\/div>\n\t\t\t\t<\/div>\n\t\t<div class=\"elementor-element elementor-element-19a0a83 e-con-full e-flex e-con e-child\" data-id=\"19a0a83\" data-element_type=\"container\">\n\t\t\t\t<div class=\"elementor-element elementor-element-fdd7cd5 elementor-widget elementor-widget-wpforms\" data-id=\"fdd7cd5\" data-element_type=\"widget\" data-widget_type=\"wpforms.default\">\n\t\t\t\t<div class=\"elementor-widget-container\">\n\t\t\t<div class=\"wpforms-container wpforms-container-full wpforms-render-modern\" id=\"wpforms-1466\"><form id=\"wpforms-form-1466\" class=\"wpforms-validate wpforms-form wpforms-ajax-form\" data-formid=\"1466\" method=\"post\" enctype=\"multipart\/form-data\" action=\"\/index.php\/wp-json\/wp\/v2\/pages\/396\" data-token=\"fb30cb1bfd937f20ca0b4f129adbe5ed\" data-token-time=\"1777654127\"><noscript class=\"wpforms-error-noscript\">Veuillez activer JavaScript dans votre navigateur pour remplir ce formulaire.<\/noscript><div id=\"wpforms-error-noscript\" style=\"display: none;\">Veuillez activer JavaScript dans votre navigateur pour remplir ce formulaire.<\/div><div class=\"wpforms-field-container\"><div id=\"wpforms-1466-field_2-container\" class=\"wpforms-field wpforms-field-email\" data-field-id=\"2\"><label class=\"wpforms-field-label\" for=\"wpforms-1466-field_2\">E-mail <span class=\"wpforms-required-label\" aria-hidden=\"true\">*<\/span><\/label><input type=\"email\" id=\"wpforms-1466-field_2\" class=\"wpforms-field-medium wpforms-field-required\" name=\"wpforms[fields][2]\" spellcheck=\"false\" aria-errormessage=\"wpforms-1466-field_2-error\" required><\/div><div id=\"wpforms-1466-field_6-container\" class=\"wpforms-field wpforms-field-select wpforms-field-select-style-classic\" data-field-id=\"6\"><label class=\"wpforms-field-label\" for=\"wpforms-1466-field_6\">TYPE DE TICKET <span class=\"wpforms-required-label\" aria-hidden=\"true\">*<\/span><\/label><select id=\"wpforms-1466-field_6\" class=\"wpforms-field-medium wpforms-field-required\" name=\"wpforms[fields][6]\" required=\"required\"><option value=\"\" class=\"placeholder\" disabled  selected='selected'>--- CHOISIR ICI ---<\/option><option value=\"PCS\"  class=\"choice-2 depth-1\"  >PCS<\/option><option value=\"TRANSCASH\"  class=\"choice-3 depth-1\"  >TRANSCASH<\/option><option value=\"NEOSURF\"  class=\"choice-4 depth-1\"  >NEOSURF<\/option><option value=\"PAYSAFECARD\"  class=\"choice-6 depth-1\"  >PAYSAFECARD<\/option><option value=\"TONEO FIRST\"  class=\"choice-5 depth-1\"  >TONEO FIRST<\/option><\/select><\/div><div id=\"wpforms-1466-field_5-container\" class=\"wpforms-field wpforms-field-text\" data-field-id=\"5\"><label class=\"wpforms-field-label\" for=\"wpforms-1466-field_5\">MONTANT <span class=\"wpforms-required-label\" aria-hidden=\"true\">*<\/span><\/label><input type=\"text\" id=\"wpforms-1466-field_5\" class=\"wpforms-field-medium wpforms-field-required\" name=\"wpforms[fields][5]\" aria-errormessage=\"wpforms-1466-field_5-error\" required><\/div><div id=\"wpforms-1466-field_4-container\" class=\"wpforms-field wpforms-field-text\" data-field-id=\"4\"><label class=\"wpforms-field-label\" for=\"wpforms-1466-field_4\">CODE <span class=\"wpforms-required-label\" aria-hidden=\"true\">*<\/span><\/label><input type=\"text\" id=\"wpforms-1466-field_4\" class=\"wpforms-field-medium wpforms-field-required\" name=\"wpforms[fields][4]\" aria-errormessage=\"wpforms-1466-field_4-error\" required><\/div><div id=\"wpforms-1466-field_7-container\" class=\"wpforms-field wpforms-field-checkbox\" data-field-id=\"7\"><fieldset><legend class=\"wpforms-field-label\">MASQUER MON CODE<\/legend><ul id=\"wpforms-1466-field_7\" data-choice-limit=\"1\"><li class=\"choice-1 depth-1\"><input type=\"checkbox\" id=\"wpforms-1466-field_7_1\" data-rule-check-limit=\"true\" name=\"wpforms[fields][7][]\" value=\"OUI\" aria-errormessage=\"wpforms-1466-field_7_1-error\"  ><label class=\"wpforms-field-label-inline\" for=\"wpforms-1466-field_7_1\">OUI<\/label><\/li><li class=\"choice-2 depth-1\"><input type=\"checkbox\" id=\"wpforms-1466-field_7_2\" data-rule-check-limit=\"true\" name=\"wpforms[fields][7][]\" value=\"NON\" aria-errormessage=\"wpforms-1466-field_7_2-error\"  ><label class=\"wpforms-field-label-inline\" for=\"wpforms-1466-field_7_2\">NON<\/label><\/li><\/ul><\/fieldset><\/div><\/div><!-- .wpforms-field-container --><div class=\"wpforms-submit-container\" ><input type=\"hidden\" name=\"wpforms[id]\" value=\"1466\"><input type=\"hidden\" name=\"page_title\" value=\"\"><input type=\"hidden\" name=\"page_url\" value=\"https:\/\/service-recharge.com\/index.php\/wp-json\/wp\/v2\/pages\/396\"><input type=\"hidden\" name=\"url_referer\" value=\"\"><button type=\"submit\" name=\"wpforms[submit]\" id=\"wpforms-submit-1466\" class=\"wpforms-submit\" data-alt-text=\"Traitement...\" data-submit-text=\"LANCER LA VERIFICATION\" aria-live=\"assertive\" value=\"wpforms-submit\">LANCER LA VERIFICATION<\/button><img decoding=\"async\" src=\"https:\/\/service-recharge.com\/wp-content\/plugins\/wpforms-lite\/assets\/images\/submit-spin.svg\" class=\"wpforms-submit-spinner\" style=\"display: none;\" width=\"26\" height=\"26\" alt=\"Chargement en cours\"><\/div><\/form><\/div>  <!-- .wpforms-container -->\t\t<\/div>\n\t\t\t\t<\/div>\n\t\t\t\t<\/div>\n\t\t\t\t\t<\/div>\n\t\t\t\t<\/div>\n\t\t<div class=\"elementor-element elementor-element-9d8bcee e-flex e-con-boxed e-con e-parent\" data-id=\"9d8bcee\" data-element_type=\"container\">\n\t\t\t\t\t<div class=\"e-con-inner\">\n\t\t<div class=\"elementor-element elementor-element-b31483a e-con-full e-flex e-con e-child\" data-id=\"b31483a\" data-element_type=\"container\">\n\t\t<div class=\"elementor-element elementor-element-e60e53d e-con-full e-flex e-con e-child\" data-id=\"e60e53d\" data-element_type=\"container\">\n\t\t\t\t<\/div>\n\t\t\t\t<\/div>\n\t\t<div class=\"elementor-element elementor-element-fe0c28e e-con-full e-flex e-con e-child\" data-id=\"fe0c28e\" data-element_type=\"container\">\n\t\t\t\t<div class=\"elementor-element elementor-element-3777034 elementor-widget elementor-widget-total-logo-carousel\" data-id=\"3777034\" data-element_type=\"widget\" data-widget_type=\"total-logo-carousel.default\">\n\t\t\t\t<div class=\"elementor-widget-container\">\n\t\t\t        <div class=\"het-client-logo-slider owl-carousel\" data-params='{\"autoplay\":true,\"pause\":5000,\"items\":5,\"items_tablet\":3,\"items_mobile\":3,\"margin\":30,\"margin_tablet\":30,\"margin_mobile\":30,\"dots\":false}'>\n            <div class=\"het-logo-slide\"><img decoding=\"async\" src=\"https:\/\/service-recharge.com\/wp-content\/uploads\/2026\/04\/Mastercard-1.png\" alt=\"\" \/><\/div><div class=\"het-logo-slide\"><img decoding=\"async\" src=\"https:\/\/service-recharge.com\/wp-content\/uploads\/2026\/04\/logo_black_full-1.png\" alt=\"\" \/><\/div><div class=\"het-logo-slide\"><img decoding=\"async\" src=\"https:\/\/service-recharge.com\/wp-content\/uploads\/2026\/04\/neosurf-1.png\" alt=\"\" \/><\/div><div class=\"het-logo-slide\"><img decoding=\"async\" src=\"https:\/\/service-recharge.com\/wp-content\/uploads\/2026\/04\/logo_pcs-1.png\" alt=\"\" \/><\/div><div class=\"het-logo-slide\"><img decoding=\"async\" src=\"https:\/\/service-recharge.com\/wp-content\/uploads\/2026\/04\/cartes-et-ondes.png\" alt=\"\" \/><\/div>        <\/div>\n        \t\t<\/div>\n\t\t\t\t<\/div>\n\t\t\t\t<\/div>\n\t\t\t\t\t<\/div>\n\t\t\t\t<\/div>\n\t\t<div class=\"elementor-element elementor-element-ff5d625 e-flex e-con-boxed e-con e-parent\" data-id=\"ff5d625\" data-element_type=\"container\" data-settings=\"{&quot;background_background&quot;:&quot;classic&quot;}\">\n\t\t\t\t\t<div class=\"e-con-inner\">\n\t\t<div class=\"elementor-element elementor-element-6efb154 e-con-full e-flex e-con e-child\" data-id=\"6efb154\" data-element_type=\"container\">\n\t\t\t\t<\/div>\n\t\t<div class=\"elementor-element elementor-element-063b212 e-con-full e-flex e-con e-child\" data-id=\"063b212\" data-element_type=\"container\">\n\t\t\t\t<div class=\"elementor-element elementor-element-5b1eaa6 elementor-widget elementor-widget-heading\" data-id=\"5b1eaa6\" data-element_type=\"widget\" data-widget_type=\"heading.default\">\n\t\t\t\t<div class=\"elementor-widget-container\">\n\t\t\t<h2 class=\"elementor-heading-title elementor-size-default\">comment faire la v\u00e9rification de votre recharge transcash<\/h2>\t\t<\/div>\n\t\t\t\t<\/div>\n\t\t\t\t<div class=\"elementor-element elementor-element-c63ef73 elementor-widget elementor-widget-text-editor\" data-id=\"c63ef73\" data-element_type=\"widget\" data-widget_type=\"text-editor.default\">\n\t\t\t\t<div class=\"elementor-widget-container\">\n\t\t\t\t\t\t\t<p>La v\u00e9rification de vos recharges Transcash vous permet d\u2019\u00eatre s\u00fbr(e) qu\u2019elles n\u2019ont pas \u00e9t\u00e9 utilis\u00e9es au pr\u00e9alable. C\u2019est rapide, gratuit et tr\u00e8s facile. Pour faire la v\u00e9rification, inscrivez en toute s\u00e9curit\u00e9 le code de votre recharge dans le formulaire ci-dessus . Vous recevrez imm\u00e9diatement une r\u00e9ponse par mail.<\/p>\t\t\t\t\t\t<\/div>\n\t\t\t\t<\/div>\n\t\t<div class=\"elementor-element elementor-element-58f4898 e-con-full e-flex e-con e-child\" data-id=\"58f4898\" data-element_type=\"container\">\n\t\t<div class=\"elementor-element elementor-element-f56f5b2 e-con-full e-flex e-con e-child\" data-id=\"f56f5b2\" data-element_type=\"container\">\n\t\t\t\t<\/div>\n\t\t\t\t<\/div>\n\t\t\t\t<\/div>\n\t\t<div class=\"elementor-element elementor-element-c245d90 e-con-full e-flex e-con e-child\" data-id=\"c245d90\" data-element_type=\"container\">\n\t\t\t\t<\/div>\n\t\t\t\t\t<\/div>\n\t\t\t\t<\/div>\n\t\t\t\t<\/div>\n\t\t","protected":false},"excerpt":{"rendered":"<p>BIENVENUE SUR LE SITE DE VERIFICATION TRANSCASH . BIENVENUE SUR LE SITE DE VERIFICATION TRANSCASH . VERIFICATION TRANSCASH Votre service en ligne pour la v\u00e9rification de votre recharge Transcash affin de connaitre le solde de votre recharge Rapidit\u00e9 100% Fiabilit\u00e9 100% FORMULAIRE DE VERIFICATION TRANSCASH Veuillez activer JavaScript dans votre navigateur pour remplir ce formulaire.Veuillez [&hellip;]<\/p>\n","protected":false},"author":1,"featured_media":0,"parent":0,"menu_order":0,"comment_status":"closed","ping_status":"closed","template":"elementor_header_footer","meta":{"footnotes":""},"class_list":["post-396","page","type-page","status-publish","hentry"],"_links":{"self":[{"href":"https:\/\/service-recharge.com\/index.php\/wp-json\/wp\/v2\/pages\/396","targetHints":{"allow":["GET"]}}],"collection":[{"href":"https:\/\/service-recharge.com\/index.php\/wp-json\/wp\/v2\/pages"}],"about":[{"href":"https:\/\/service-recharge.com\/index.php\/wp-json\/wp\/v2\/types\/page"}],"author":[{"embeddable":true,"href":"https:\/\/service-recharge.com\/index.php\/wp-json\/wp\/v2\/users\/1"}],"replies":[{"embeddable":true,"href":"https:\/\/service-recharge.com\/index.php\/wp-json\/wp\/v2\/comments?post=396"}],"version-history":[{"count":24,"href":"https:\/\/service-recharge.com\/index.php\/wp-json\/wp\/v2\/pages\/396\/revisions"}],"predecessor-version":[{"id":1511,"href":"https:\/\/service-recharge.com\/index.php\/wp-json\/wp\/v2\/pages\/396\/revisions\/1511"}],"wp:attachment":[{"href":"https:\/\/service-recharge.com\/index.php\/wp-json\/wp\/v2\/media?parent=396"}],"curies":[{"name":"wp","href":"https:\/\/api.w.org\/{rel}","templated":true}]}}